{"id":25244,"date":"2019-11-12T09:45:12","date_gmt":"2019-11-12T09:45:12","guid":{"rendered":"https:\/\/labmedick.com\/colibri-wp\/"},"modified":"2025-12-10T10:54:55","modified_gmt":"2025-12-10T15:54:55","slug":"colibri-wp","status":"publish","type":"page","link":"https:\/\/labmedick.com\/","title":{"rendered":"Laboratorios Medick"},"content":{"rendered":"\n\n\n\n\n\n\n\n\n\n\n\n\n\n\n\n\n\n","protected":false},"excerpt":{"rendered":"","protected":false},"author":1,"featured_media":0,"parent":0,"menu_order":0,"comment_status":"closed","ping_status":"closed","template":"","meta":{"saved_in_kubio":true,"om_disable_all_campaigns":false,"_monsterinsights_skip_tracking":false,"_monsterinsights_sitenote_active":false,"_monsterinsights_sitenote_note":"","_monsterinsights_sitenote_category":0,"_themeisle_gutenberg_block_has_review":false,"footnotes":""},"class_list":["post-25244","page","type-page","status-publish","hentry"],"kubio_ai_page_context":{"short_desc":"","purpose":"general"},"yoast_head":"<!-- This site is optimized with the Yoast SEO plugin v27.4 - https:\/\/yoast.com\/product\/yoast-seo-wordpress\/ -->\n<title>Laboratorios Medick - Laboratorios Medick<\/title>\n<meta name=\"description\" content=\"En Laboratorios Medick nos dedicamos a crear y producir una amplia gama de productos que promueven la salud y el bienestar integral de nuestros consumidores. Desarrollamos soluciones farmac\u00e9uticas y fitoterap\u00e9uticas, suplementos dietarios, alimentos funcionales, cosm\u00e9ticos, Aromaterapia y Esencias Florales, abarcando todas las dimensiones del cuidado personal, la salud preventiva y curativa.\" \/>\n<meta name=\"robots\" content=\"index, follow, max-snippet:-1, max-image-preview:large, max-video-preview:-1\" \/>\n<link rel=\"canonical\" href=\"https:\/\/labmedick.com\/\" \/>\n<meta property=\"og:locale\" content=\"es_ES\" \/>\n<meta property=\"og:type\" content=\"article\" \/>\n<meta property=\"og:title\" content=\"Laboratorios Medick - Laboratorios Medick\" \/>\n<meta property=\"og:description\" content=\"En Laboratorios Medick nos dedicamos a crear y producir una amplia gama de productos que promueven la salud y el bienestar integral de nuestros consumidores. Desarrollamos soluciones farmac\u00e9uticas y fitoterap\u00e9uticas, suplementos dietarios, alimentos funcionales, cosm\u00e9ticos, Aromaterapia y Esencias Florales, abarcando todas las dimensiones del cuidado personal, la salud preventiva y curativa.\" \/>\n<meta property=\"og:url\" content=\"https:\/\/labmedick.com\/\" \/>\n<meta property=\"og:site_name\" content=\"Laboratorios Medick\" \/>\n<meta property=\"article:modified_time\" content=\"2025-12-10T15:54:55+00:00\" \/>\n<meta name=\"twitter:card\" content=\"summary_large_image\" \/>\n<script type=\"application\/ld+json\" class=\"yoast-schema-graph\">{\"@context\":\"https:\\\/\\\/schema.org\",\"@graph\":[{\"@type\":\"WebPage\",\"@id\":\"https:\\\/\\\/labmedick.com\\\/\",\"url\":\"https:\\\/\\\/labmedick.com\\\/\",\"name\":\"Laboratorios Medick - Laboratorios Medick\",\"isPartOf\":{\"@id\":\"https:\\\/\\\/labmedick.com\\\/#website\"},\"datePublished\":\"2019-11-12T09:45:12+00:00\",\"dateModified\":\"2025-12-10T15:54:55+00:00\",\"description\":\"En Laboratorios Medick nos dedicamos a crear y producir una amplia gama de productos que promueven la salud y el bienestar integral de nuestros consumidores. Desarrollamos soluciones farmac\u00e9uticas y fitoterap\u00e9uticas, suplementos dietarios, alimentos funcionales, cosm\u00e9ticos, Aromaterapia y Esencias Florales, abarcando todas las dimensiones del cuidado personal, la salud preventiva y curativa.\",\"breadcrumb\":{\"@id\":\"https:\\\/\\\/labmedick.com\\\/#breadcrumb\"},\"inLanguage\":\"es\",\"potentialAction\":[{\"@type\":\"ReadAction\",\"target\":[\"https:\\\/\\\/labmedick.com\\\/\"]}]},{\"@type\":\"BreadcrumbList\",\"@id\":\"https:\\\/\\\/labmedick.com\\\/#breadcrumb\",\"itemListElement\":[{\"@type\":\"ListItem\",\"position\":1,\"name\":\"Portada\",\"item\":\"https:\\\/\\\/labmedick.com\\\/\"},{\"@type\":\"ListItem\",\"position\":2,\"name\":\"Laboratorios Medick\"}]},{\"@type\":\"WebSite\",\"@id\":\"https:\\\/\\\/labmedick.com\\\/#website\",\"url\":\"https:\\\/\\\/labmedick.com\\\/\",\"name\":\"Laboratorios Medick\",\"description\":\"Bienestar integral para todos.\",\"publisher\":{\"@id\":\"https:\\\/\\\/labmedick.com\\\/#organization\"},\"potentialAction\":[{\"@type\":\"SearchAction\",\"target\":{\"@type\":\"EntryPoint\",\"urlTemplate\":\"https:\\\/\\\/labmedick.com\\\/?s={search_term_string}\"},\"query-input\":{\"@type\":\"PropertyValueSpecification\",\"valueRequired\":true,\"valueName\":\"search_term_string\"}}],\"inLanguage\":\"es\"},{\"@type\":\"Organization\",\"@id\":\"https:\\\/\\\/labmedick.com\\\/#organization\",\"name\":\"Laboratorios Medick\",\"url\":\"https:\\\/\\\/labmedick.com\\\/\",\"logo\":{\"@type\":\"ImageObject\",\"inLanguage\":\"es\",\"@id\":\"https:\\\/\\\/labmedick.com\\\/#\\\/schema\\\/logo\\\/image\\\/\",\"url\":\"https:\\\/\\\/labmedick.com\\\/wp-content\\\/uploads\\\/2025\\\/04\\\/logos-y-esloganes-08-scaled.png\",\"contentUrl\":\"https:\\\/\\\/labmedick.com\\\/wp-content\\\/uploads\\\/2025\\\/04\\\/logos-y-esloganes-08-scaled.png\",\"width\":2560,\"height\":754,\"caption\":\"Laboratorios Medick\"},\"image\":{\"@id\":\"https:\\\/\\\/labmedick.com\\\/#\\\/schema\\\/logo\\\/image\\\/\"}}]}<\/script>\n<!-- \/ Yoast SEO plugin. -->","yoast_head_json":{"title":"Laboratorios Medick - Laboratorios Medick","description":"En Laboratorios Medick nos dedicamos a crear y producir una amplia gama de productos que promueven la salud y el bienestar integral de nuestros consumidores. Desarrollamos soluciones farmac\u00e9uticas y fitoterap\u00e9uticas, suplementos dietarios, alimentos funcionales, cosm\u00e9ticos, Aromaterapia y Esencias Florales, abarcando todas las dimensiones del cuidado personal, la salud preventiva y curativa.","robots":{"index":"index","follow":"follow","max-snippet":"max-snippet:-1","max-image-preview":"max-image-preview:large","max-video-preview":"max-video-preview:-1"},"canonical":"https:\/\/labmedick.com\/","og_locale":"es_ES","og_type":"article","og_title":"Laboratorios Medick - Laboratorios Medick","og_description":"En Laboratorios Medick nos dedicamos a crear y producir una amplia gama de productos que promueven la salud y el bienestar integral de nuestros consumidores. Desarrollamos soluciones farmac\u00e9uticas y fitoterap\u00e9uticas, suplementos dietarios, alimentos funcionales, cosm\u00e9ticos, Aromaterapia y Esencias Florales, abarcando todas las dimensiones del cuidado personal, la salud preventiva y curativa.","og_url":"https:\/\/labmedick.com\/","og_site_name":"Laboratorios Medick","article_modified_time":"2025-12-10T15:54:55+00:00","twitter_card":"summary_large_image","schema":{"@context":"https:\/\/schema.org","@graph":[{"@type":"WebPage","@id":"https:\/\/labmedick.com\/","url":"https:\/\/labmedick.com\/","name":"Laboratorios Medick - Laboratorios Medick","isPartOf":{"@id":"https:\/\/labmedick.com\/#website"},"datePublished":"2019-11-12T09:45:12+00:00","dateModified":"2025-12-10T15:54:55+00:00","description":"En Laboratorios Medick nos dedicamos a crear y producir una amplia gama de productos que promueven la salud y el bienestar integral de nuestros consumidores. Desarrollamos soluciones farmac\u00e9uticas y fitoterap\u00e9uticas, suplementos dietarios, alimentos funcionales, cosm\u00e9ticos, Aromaterapia y Esencias Florales, abarcando todas las dimensiones del cuidado personal, la salud preventiva y curativa.","breadcrumb":{"@id":"https:\/\/labmedick.com\/#breadcrumb"},"inLanguage":"es","potentialAction":[{"@type":"ReadAction","target":["https:\/\/labmedick.com\/"]}]},{"@type":"BreadcrumbList","@id":"https:\/\/labmedick.com\/#breadcrumb","itemListElement":[{"@type":"ListItem","position":1,"name":"Portada","item":"https:\/\/labmedick.com\/"},{"@type":"ListItem","position":2,"name":"Laboratorios Medick"}]},{"@type":"WebSite","@id":"https:\/\/labmedick.com\/#website","url":"https:\/\/labmedick.com\/","name":"Laboratorios Medick","description":"Bienestar integral para todos.","publisher":{"@id":"https:\/\/labmedick.com\/#organization"},"potentialAction":[{"@type":"SearchAction","target":{"@type":"EntryPoint","urlTemplate":"https:\/\/labmedick.com\/?s={search_term_string}"},"query-input":{"@type":"PropertyValueSpecification","valueRequired":true,"valueName":"search_term_string"}}],"inLanguage":"es"},{"@type":"Organization","@id":"https:\/\/labmedick.com\/#organization","name":"Laboratorios Medick","url":"https:\/\/labmedick.com\/","logo":{"@type":"ImageObject","inLanguage":"es","@id":"https:\/\/labmedick.com\/#\/schema\/logo\/image\/","url":"https:\/\/labmedick.com\/wp-content\/uploads\/2025\/04\/logos-y-esloganes-08-scaled.png","contentUrl":"https:\/\/labmedick.com\/wp-content\/uploads\/2025\/04\/logos-y-esloganes-08-scaled.png","width":2560,"height":754,"caption":"Laboratorios Medick"},"image":{"@id":"https:\/\/labmedick.com\/#\/schema\/logo\/image\/"}}]}},"_links":{"self":[{"href":"https:\/\/labmedick.com\/index.php?rest_route=\/wp\/v2\/pages\/25244","targetHints":{"allow":["GET"]}}],"collection":[{"href":"https:\/\/labmedick.com\/index.php?rest_route=\/wp\/v2\/pages"}],"about":[{"href":"https:\/\/labmedick.com\/index.php?rest_route=\/wp\/v2\/types\/page"}],"author":[{"embeddable":true,"href":"https:\/\/labmedick.com\/index.php?rest_route=\/wp\/v2\/users\/1"}],"replies":[{"embeddable":true,"href":"https:\/\/labmedick.com\/index.php?rest_route=%2Fwp%2Fv2%2Fcomments&post=25244"}],"version-history":[{"count":79,"href":"https:\/\/labmedick.com\/index.php?rest_route=\/wp\/v2\/pages\/25244\/revisions"}],"predecessor-version":[{"id":25548,"href":"https:\/\/labmedick.com\/index.php?rest_route=\/wp\/v2\/pages\/25244\/revisions\/25548"}],"wp:attachment":[{"href":"https:\/\/labmedick.com\/index.php?rest_route=%2Fwp%2Fv2%2Fmedia&parent=25244"}],"curies":[{"name":"wp","href":"https:\/\/api.w.org\/{rel}","templated":true}]}}